{"id":742,"date":"2021-05-14T12:16:53","date_gmt":"2021-05-14T12:16:53","guid":{"rendered":"https:\/\/matchthemes.com\/demowp\/liberis\/?page_id=742"},"modified":"2022-05-17T11:43:18","modified_gmt":"2022-05-17T09:43:18","slug":"practice-icon-v1-2cols","status":"publish","type":"page","link":"https:\/\/www.vigieavocatfiscaliste.com\/?page_id=742","title":{"rendered":"Le Cabinet"},"content":{"rendered":"<p>[et_pb_section fb_built=\u00a0\u00bb1&Prime; _builder_version=\u00a0\u00bb4.16&Prime; global_colors_info=\u00a0\u00bb{}\u00a0\u00bb][et_pb_row column_structure=\u00a0\u00bb3_4,1_4&Prime; _builder_version=\u00a0\u00bb4.16.0&Prime; _module_preset=\u00a0\u00bbdefault\u00a0\u00bb global_colors_info=\u00a0\u00bb{}\u00a0\u00bb][et_pb_column type=\u00a0\u00bb3_4&Prime; _builder_version=\u00a0\u00bb4.16.0&Prime; _module_preset=\u00a0\u00bbdefault\u00a0\u00bb global_colors_info=\u00a0\u00bb{}\u00a0\u00bb][et_pb_text _builder_version=\u00a0\u00bb4.16.0&Prime; _module_preset=\u00a0\u00bbdefault\u00a0\u00bb global_colors_info=\u00a0\u00bb{}\u00a0\u00bb]<\/p>\n<h4 style=\"text-align: center;\"><strong><\/strong><\/h4>\n<h4 style=\"text-align: center;\"><strong><\/strong><\/h4>\n<h4 style=\"text-align: center;\"><strong>Ma\u00eetre Muriel Vigi\u00e9<\/strong><\/h4>\n<p><strong><\/strong><\/p>\n<p style=\"text-align: justify;\">Ma\u00eetre Muriel Vigi\u00e9 est une sp\u00e9cialiste de la fiscalit\u00e9 personnelle et patrimoniale, ainsi que de la fiscalit\u00e9 des entreprises.<\/p>\n<p style=\"text-align: justify;\">Ancienne inspectrice des finances publiques, elle a 20 ans d\u2019exp\u00e9rience au sein de l\u2019administration fiscale, dans le contr\u00f4le fiscal des moyennes et des grandes entreprises au sein de la Direction de contr\u00f4le fiscal d\u2019Ile de France. Puis, inspectrice principale, elle a \u00e9t\u00e9 chef de brigade de v\u00e9rification et chef de brigade patrimoniale (contr\u00f4le fiscal des entreprises, des dirigeants et associ\u00e9s (ISF &#8211; IR), et de fiscalit\u00e9 immobili\u00e8re (contr\u00f4le des successions, contr\u00f4le valeur &#8211; \u00e9valuation immobili\u00e8re).<\/p>\n<p style=\"text-align: justify;\">Elle est dipl\u00f4m\u00e9e de l\u2019Ecole Nationale des imp\u00f4ts et de l\u2019Universit\u00e9 Panth\u00e9on Sorbonne (Paris I), et titulaire d\u2019un DEA de droit du patrimoine priv\u00e9.<\/p>\n<p style=\"text-align: justify;\">Elle a enseign\u00e9 la fiscalit\u00e9 des particuliers et des entreprises, le contr\u00f4le fiscal, la TVA et la fiscalit\u00e9 patrimoniale \u00e0 l\u2019\u00e9cole nationale des imp\u00f4ts, \u00e0 l\u2019universit\u00e9 et en \u00e9cole de commerce. <span style=\"text-decoration: line-through;\"><\/span>Ma\u00eetre Muriel Vigi\u00e9 enseigne \u00e9galement en \u00e9cole de droit, notamment \u00e0 l\u2019\u00e9cole HEAD \u00e0 Paris.<\/p>\n<p style=\"text-align: justify;\">Elle a \u00e9galement collabor\u00e9 \u00e0 Lexis 360 pour la r\u00e9daction des parties \u00ab contr\u00f4le fiscal \u00bb et \u00ab droits d\u2019enregistrement \u00bb.<\/p>\n<p>&nbsp;<\/p>\n<h4 style=\"text-align: center;\"><strong>Notre mission<br \/><\/strong><\/h4>\n<p>&nbsp;<\/p>\n<p style=\"text-align: justify;\">Notre mission premi\u00e8re est d\u2019accompagner nos clients dans un contexte o\u00f9 le droit \u00e9volue en permanence, pour les conseiller et les d\u00e9fendre au mieux de leurs int\u00e9r\u00eats.<br \/>Avec eux, nous construisons une relation de confiance, fond\u00e9e sur des valeurs exigeantes\u00a0: l\u2019\u00e9coute, le pragmatisme, et l\u2019efficacit\u00e9.<\/p>\n<p style=\"text-align: justify;\">Ces valeurs ne sont pas de simples professions de foi mais guident nos actions au quotidien. Elles s\u2019appuient sur :<\/p>\n<ul>\n<li style=\"text-align: justify;\">Une disponibilit\u00e9 et une bienveillance de tous les instants \u00e0 l\u2019\u00e9gard de nos clients.<\/li>\n<li style=\"text-align: justify;\">Une mobilisation totale de nos comp\u00e9tences et de notre exp\u00e9rience sur chaque dossier.<\/li>\n<li style=\"text-align: justify;\">Un traitement des dossiers avec toute la rigueur et l\u2019excellence professionnelle qui s\u2019impose.<\/li>\n<li style=\"text-align: justify;\">Une totale transparence dans les conseils d\u00e9livr\u00e9s, les actions men\u00e9es et les co\u00fbts des proc\u00e9dures.<\/li>\n<\/ul>\n<p>[\/et_pb_text][\/et_pb_column][et_pb_column type=\u00a0\u00bb1_4&Prime; _builder_version=\u00a0\u00bb4.16.0&Prime; _module_preset=\u00a0\u00bbdefault\u00a0\u00bb global_colors_info=\u00a0\u00bb{}\u00a0\u00bb][et_pb_image src=\u00a0\u00bbhttps:\/\/www.vigieavocatfiscaliste.com\/wp-content\/uploads\/2022\/04\/Image1.jpg\u00a0\u00bb title_text=\u00a0\u00bbImage1&Prime; _builder_version=\u00a0\u00bb4.16.0&Prime; _module_preset=\u00a0\u00bbdefault\u00a0\u00bb global_colors_info=\u00a0\u00bb{}\u00a0\u00bb][\/et_pb_image][\/et_pb_column][\/et_pb_row][et_pb_row column_structure=\u00a0\u00bb1_2,1_2&Prime; _builder_version=\u00a0\u00bb4.16.0&Prime; _module_preset=\u00a0\u00bbdefault\u00a0\u00bb global_colors_info=\u00a0\u00bb{}\u00a0\u00bb][et_pb_column type=\u00a0\u00bb1_2&Prime; _builder_version=\u00a0\u00bb4.16.0&Prime; _module_preset=\u00a0\u00bbdefault\u00a0\u00bb global_colors_info=\u00a0\u00bb{}\u00a0\u00bb][et_pb_text _builder_version=\u00a0\u00bb4.16.0&Prime; _module_preset=\u00a0\u00bbdefault\u00a0\u00bb global_colors_info=\u00a0\u00bb{}\u00a0\u00bb]<\/p>\n<p style=\"text-align: center;\"><span style=\"color: #ff6600;\"><strong>Mail<\/strong><\/span><br \/><strong><span style=\"color: #000000;\"><a href=\"mailto:Muriel.vigie@vigieavocatfiscaliste.com\" style=\"color: #000000;\">muriel.vigie@vigieavocatfiscaliste.com<\/a><\/span><\/strong><\/p>\n<p>[\/et_pb_text][\/et_pb_column][et_pb_column type=\u00a0\u00bb1_2&Prime; _builder_version=\u00a0\u00bb4.16.0&Prime; _module_preset=\u00a0\u00bbdefault\u00a0\u00bb global_colors_info=\u00a0\u00bb{}\u00a0\u00bb][et_pb_text _builder_version=\u00a0\u00bb4.16.0&Prime; _module_preset=\u00a0\u00bbdefault\u00a0\u00bb global_colors_info=\u00a0\u00bb{}\u00a0\u00bb]<\/p>\n<p style=\"text-align: center;\"><span style=\"color: #ff6600;\"><strong>Mobile<\/strong><\/span><br \/>Mobile : 07 89 00 06 65<\/p>\n<p>[\/et_pb_text][\/et_pb_column][\/et_pb_row][\/et_pb_section]<\/p>\n","protected":false},"excerpt":{"rendered":"<p>Ma\u00eetre Muriel Vigi\u00e9 Ma\u00eetre Muriel Vigi\u00e9 est une&#8230;<\/p>\n","protected":false},"author":1,"featured_media":0,"parent":0,"menu_order":0,"comment_status":"closed","ping_status":"closed","template":"my-templates\/template-fullwidth.php","meta":{"_et_pb_use_builder":"on","_et_pb_old_content":"<!-- wp:table {\"align\":\"left\"} -->\n<figure class=\"wp-block-table alignleft\"><table><tbody><tr><td><img class=\"wp-image-958\" style=\"width: 493px;\" src=\"http:\/\/www.vigieavocatfiscaliste.com\/wp-content\/uploads\/2022\/04\/Sans-titre.png\" alt=\"\"><\/td><td>        <\/td><td><\/td><td class=\"has-text-align-left\" data-align=\"left\"><mark style=\"background-color:rgba(0, 0, 0, 0)\" class=\"has-inline-color has-luminous-vivid-orange-color\"><span class=\"uppercase\"><strong>Notre mission<\/strong><br><\/span><\/mark><br><br>Ma\u00eetre Muriel Vigi\u00e9 est une sp\u00e9cialiste de la fiscalit\u00e9 personnelle et patrimoniale, ainsi que de la fiscalit\u00e9 des entreprises.<br>&nbsp;<br>Notre mission premi\u00e8re est d\u2019accompagner nos clients dans un contexte o\u00f9 le droit \u00e9volue en permanence, pour les conseiller et les d\u00e9fendre au mieux de leurs int\u00e9r\u00eats.<br>Avec eux, nous construisons une relation de confiance, fond\u00e9e sur des valeurs exigeantes&nbsp;: l\u2019\u00e9coute, le pragmatisme, et l\u2019efficacit\u00e9.<br><br>Ces valeurs ne sont pas de simples professions de foi mais guident nos actions au quotidien. Elles requi\u00e8rent&nbsp;:<br>\u00b7Une disponibilit\u00e9 et une bienveillance de tous les instants \u00e0 l\u2019\u00e9gard de nos clients.<br>\u00b7Une mobilisation totale de nos comp\u00e9tences et de notre exp\u00e9rience sur chaque dossier.<br>\u00b7Un traitement des dossiers avec toute la rigueur et l\u2019excellence professionnelle qui s\u2019impose.<br>\u00b7Une totale transparence dans les conseils d\u00e9livr\u00e9s, les actions men\u00e9es et les co\u00fbts des proc\u00e9dures.<br><\/td><td><\/td><\/tr><tr><td><\/td><td><\/td><td><\/td><td class=\"has-text-align-left\" data-align=\"left\"><\/td><td><\/td><\/tr><\/tbody><\/table><\/figure>\n<!-- \/wp:table -->\n\n<!-- wp:paragraph -->\n<p><\/p>\n<!-- \/wp:paragraph -->\n\n<!-- wp:paragraph -->\n<p><\/p>\n<!-- \/wp:paragraph -->\n\n<!-- wp:table -->\n<figure class=\"wp-block-table\"><table><tbody><tr><td><\/td><td><\/td><\/tr><tr><td><img class=\"wp-image-963\" style=\"width: 493px;\" src=\"http:\/\/www.vigieavocatfiscaliste.com\/wp-content\/uploads\/2022\/04\/Image1.jpg\" alt=\"\"><\/td><td><span class=\"uppercase\"><mark style=\"background-color:rgba(0, 0, 0, 0)\" class=\"has-inline-color has-luminous-vivid-orange-color\"><strong>Ma\u00eetre Muriel Vigi\u00e9<\/strong><br><\/mark><\/span><br>Ma\u00eetre Muriel Vigi\u00e9 est une sp\u00e9cialiste de la fiscalit\u00e9 personnelle et patrimoniale, ainsi que de la fiscalit\u00e9 des entreprises.<br><br>Notre mission premi\u00e8re est d\u2019accompagner nos clients dans un contexte o\u00f9 le droit \u00e9volue en permanence, pour les conseiller et les d\u00e9fendre au mieux de leurs int\u00e9r\u00eats.<br>Avec eux, nous construisons une relation de confiance, fond\u00e9e sur des valeurs exigeantes&nbsp;: l\u2019\u00e9coute, le pragmatisme, et l\u2019efficacit\u00e9.<br>Ces valeurs ne sont pas de simples professions de foi mais guident nos actions au quotidien. Elles requi\u00e8rent&nbsp;:<br><br>\u00b7Une disponibilit\u00e9 et une bienveillance de tous les instants \u00e0 l\u2019\u00e9gard de nos clients.<br>\u00b7Une mobilisation totale de nos comp\u00e9tences et de notre exp\u00e9rience sur chaque dossier.<br>\u00b7Un traitement des dossiers avec toute la rigueur et l\u2019excellence professionnelle qui s\u2019impose.<br>\u00b7Une totale transparence dans les conseils d\u00e9livr\u00e9s, les actions men\u00e9es et les co\u00fbts des proc\u00e9dures.<\/td><\/tr><\/tbody><\/table><\/figure>\n<!-- \/wp:table -->\n\n<!-- wp:table -->\n<figure class=\"wp-block-table\"><table><tbody><tr><td><strong>Mail<\/strong><br><a href=\"mailto:Muriel.vigie@vigieavocatfiscaliste.com\">muriel.vigie@vigieavocatfiscaliste.com<\/a><br><strong>Mobile<\/strong><br>Mobile : 07 89 00 06 65<\/td><\/tr><\/tbody><\/table><\/figure>\n<!-- \/wp:table -->\n\n<!-- wp:paragraph -->\n<p><\/p>\n<!-- \/wp:paragraph -->","_et_gb_content_width":"","footnotes":""},"class_list":["post-742","page","type-page","status-publish","hentry"],"_links":{"self":[{"href":"https:\/\/www.vigieavocatfiscaliste.com\/index.php?rest_route=\/wp\/v2\/pages\/742","targetHints":{"allow":["GET"]}}],"collection":[{"href":"https:\/\/www.vigieavocatfiscaliste.com\/index.php?rest_route=\/wp\/v2\/pages"}],"about":[{"href":"https:\/\/www.vigieavocatfiscaliste.com\/index.php?rest_route=\/wp\/v2\/types\/page"}],"author":[{"embeddable":true,"href":"https:\/\/www.vigieavocatfiscaliste.com\/index.php?rest_route=\/wp\/v2\/users\/1"}],"replies":[{"embeddable":true,"href":"https:\/\/www.vigieavocatfiscaliste.com\/index.php?rest_route=%2Fwp%2Fv2%2Fcomments&post=742"}],"version-history":[{"count":18,"href":"https:\/\/www.vigieavocatfiscaliste.com\/index.php?rest_route=\/wp\/v2\/pages\/742\/revisions"}],"predecessor-version":[{"id":1123,"href":"https:\/\/www.vigieavocatfiscaliste.com\/index.php?rest_route=\/wp\/v2\/pages\/742\/revisions\/1123"}],"wp:attachment":[{"href":"https:\/\/www.vigieavocatfiscaliste.com\/index.php?rest_route=%2Fwp%2Fv2%2Fmedia&parent=742"}],"curies":[{"name":"wp","href":"https:\/\/api.w.org\/{rel}","templated":true}]}}