{"id":707,"date":"2021-05-14T11:57:11","date_gmt":"2021-05-14T11:57:11","guid":{"rendered":"https:\/\/matchthemes.com\/demowp\/liberis\/?page_id=707"},"modified":"2022-05-20T22:08:49","modified_gmt":"2022-05-20T20:08:49","slug":"pricing-plans","status":"publish","type":"page","link":"https:\/\/www.vigieavocatfiscaliste.com\/?page_id=707","title":{"rendered":"Honoraires"},"content":{"rendered":"<p>[et_pb_section fb_built=\u00a0\u00bb1&Prime; _builder_version=\u00a0\u00bb4.16&Prime; global_colors_info=\u00a0\u00bb{}\u00a0\u00bb custom_padding=\u00a0\u00bb0px|||||\u00a0\u00bb][et_pb_row column_structure=\u00a0\u00bb1_3,2_3&Prime; _builder_version=\u00a0\u00bb4.16.0&Prime; _module_preset=\u00a0\u00bbdefault\u00a0\u00bb global_colors_info=\u00a0\u00bb{}\u00a0\u00bb][et_pb_column type=\u00a0\u00bb1_3&Prime; _builder_version=\u00a0\u00bb4.16.0&Prime; _module_preset=\u00a0\u00bbdefault\u00a0\u00bb global_colors_info=\u00a0\u00bb{}\u00a0\u00bb][et_pb_image src=\u00a0\u00bbhttps:\/\/www.vigieavocatfiscaliste.com\/wp-content\/uploads\/2022\/04\/Sans-titre.jpg\u00a0\u00bb title_text=\u00a0\u00bbSans titre\u00a0\u00bb _builder_version=\u00a0\u00bb4.16.0&Prime; _module_preset=\u00a0\u00bbdefault\u00a0\u00bb global_colors_info=\u00a0\u00bb{}\u00a0\u00bb][\/et_pb_image][\/et_pb_column][et_pb_column type=\u00a0\u00bb2_3&Prime; _builder_version=\u00a0\u00bb4.16.0&Prime; _module_preset=\u00a0\u00bbdefault\u00a0\u00bb global_colors_info=\u00a0\u00bb{}\u00a0\u00bb][et_pb_text _builder_version=\u00a0\u00bb4.16.0&Prime; _module_preset=\u00a0\u00bbdefault\u00a0\u00bb global_colors_info=\u00a0\u00bb{}\u00a0\u00bb]<\/p>\n<p>Les honoraires de consultation, d\u2019assistance, de conseil, de plaidoirie et de r\u00e9daction d\u2019actes juridiques sous seing priv\u00e9 du cabinet de Ma\u00eetre Muriel Vigi\u00e9 sont fix\u00e9s d\u2019un commun accord avec le client, dans le cadre d\u2019un premier rendez-vous.<\/p>\n<p>A l\u2019ouverture du dossier, le cabinet vous proposera alors une <b>convention d\u2019honoraires<\/b>.<\/p>\n<p>Les honoraires, soumis \u00e0 la TVA au taux de 20%,\u00a0 sont calcul\u00e9s en toute transparence avec le client\u00a0:<\/p>\n<ul>\n<li>Soit en fonction du temps pass\u00e9 sur la base d\u2019un taux horaire.<\/li>\n<li>Soit sur une base forfaitaire, dans le cas o\u00f9 la nature et la dur\u00e9e de la prestation peuvent \u00eatre pr\u00e9vues et permettent de d\u00e9finir \u00e0 l\u2019avance, le co\u00fbt et les frais expos\u00e9s par le cabinet.<\/li>\n<\/ul>\n<p>Ils sont d\u00e9termin\u00e9s en fonction de quatre crit\u00e8res\u00a0:<\/p>\n<ul>\n<li>Le temps pass\u00e9 dans le traitement du dossier.<\/li>\n<li>La complexit\u00e9 et la technicit\u00e9 requise pour le traitement du dossier.<\/li>\n<li>L\u2019exp\u00e9rience et la r\u00e9putation du cabinet.<\/li>\n<li>La situation financi\u00e8re et patrimoniale du client.<\/li>\n<\/ul>\n<p>En outre, dans certains cas particuliers, des honoraires compl\u00e9mentaires en fonction du r\u00e9sultat ou du service rendu, peuvent \u00eatre int\u00e9gr\u00e9s \u00e0 la convention, apr\u00e8s avoir \u00e9t\u00e9 d\u00fbment expos\u00e9s au client et accept\u00e9s par lui. Ce compl\u00e9ment d\u2019honoraire est recouvrable une fois le r\u00e9sultat d\u00e9finitivement acquis.<\/p>\n<p>Enfin, le cabinet de Ma\u00eetre Muriel Vigi\u00e9 peut proposer une formule d\u2019abonnement \u00e0 ses clients r\u00e9currents (entreprises, institutionnels\u2026) en fonction de leurs besoins d\u2019accompagnement dans la dur\u00e9e.<\/p>\n<p>[\/et_pb_text][\/et_pb_column][\/et_pb_row][\/et_pb_section]<\/p>\n","protected":false},"excerpt":{"rendered":"<p>Les honoraires de consultation, d\u2019assistance, de conseil,&#8230;<\/p>\n","protected":false},"author":1,"featured_media":0,"parent":0,"menu_order":0,"comment_status":"closed","ping_status":"closed","template":"my-templates\/template-fullwidth.php","meta":{"_et_pb_use_builder":"on","_et_pb_old_content":"<!-- wp:columns {\"className\":\"margin-b100\"} -->\n<div class=\"wp-block-columns margin-b100\"><!-- wp:column -->\n<div class=\"wp-block-column\"><!-- wp:image {\"id\":976,\"sizeSlug\":\"large\",\"linkDestination\":\"none\"} -->\n<figure class=\"wp-block-image size-large\"><img src=\"http:\/\/www.vigieavocatfiscaliste.com\/wp-content\/uploads\/2022\/04\/Sans-titre-3-1024x576.jpg\" alt=\"\" class=\"wp-image-976\"\/><\/figure>\n<!-- \/wp:image --><\/div>\n<!-- \/wp:column -->\n\n<!-- wp:column -->\n<div class=\"wp-block-column\"><!-- wp:paragraph -->\n<p>Les honoraires de consultation, d\u2019assistance, de conseil, de plaidoirie et de r\u00e9daction d\u2019actes juridiques sous seing priv\u00e9 du cabinet de Ma\u00eetre Muriel Vigi\u00e9 sont fix\u00e9s d\u2019un commun accord avec le client, dans le cadre d\u2019un premier rendez-vous.<\/p>\n<!-- \/wp:paragraph -->\n\n<!-- wp:paragraph -->\n<p>A l\u2019ouverture du dossier, le cabinet vous proposera alors une <strong>convention d\u2019honoraires<\/strong>.<\/p>\n<!-- \/wp:paragraph -->\n\n<!-- wp:paragraph -->\n<p>Les honoraires, soumis \u00e0 la TVA au taux de 20%,&nbsp; sont calcul\u00e9s en toute transparence avec le client&nbsp;: \u00b7Soit en fonction du temps pass\u00e9 sur la base d\u2019un taux horaire. \u00b7Soit sur une base forfaitaire, dans le cas o\u00f9 la nature et la dur\u00e9e de la prestation peuvent \u00eatre pr\u00e9vues et permettent de d\u00e9finir \u00e0 l\u2019avance, le co\u00fbt et les frais expos\u00e9s par le cabinet.<\/p>\n<!-- \/wp:paragraph -->\n\n<!-- wp:paragraph -->\n<p>Ils sont d\u00e9termin\u00e9s en fonction de quatre crit\u00e8res&nbsp;: \u00b7Le temps pass\u00e9 dans le traitement du dossier. \u00b7La complexit\u00e9 et la technicit\u00e9 requise pour le traitement du dossier. \u00b7L\u2019exp\u00e9rience et la r\u00e9putation du cabinet. \u00b7La situation financi\u00e8re et patrimoniale du client.<\/p>\n<!-- \/wp:paragraph -->\n\n<!-- wp:paragraph -->\n<p>En outre, dans certains cas particuliers, des honoraires compl\u00e9mentaires en fonction du r\u00e9sultat ou du service rendu, peuvent \u00eatre int\u00e9gr\u00e9s \u00e0 la convention, apr\u00e8s avoir \u00e9t\u00e9 d\u00fbment expos\u00e9s au client et accept\u00e9s par lui. Ce compl\u00e9ment d\u2019honoraire est recouvrable une fois le r\u00e9sultat d\u00e9finitivement acquis.<\/p>\n<!-- \/wp:paragraph -->\n\n<!-- wp:paragraph -->\n<p>Enfin, le cabinet de Ma\u00eetre Muriel Vigi\u00e9 peut proposer une formule d\u2019abonnement \u00e0 ses clients r\u00e9currents (entreprises, institutionnels\u2026) en fonction de leurs besoins d\u2019accompagnement dans la dur\u00e9e.<\/p>\n<!-- \/wp:paragraph --><\/div>\n<!-- \/wp:column --><\/div>\n<!-- \/wp:columns -->\n\n<!-- wp:coblocks\/pricing-table {\"count\":3,\"className\":\"margin-b100\"} -->\n<div class=\"wp-block-coblocks-pricing-table has-text-align-center margin-b100\"><div class=\"margin-b100 wp-block-coblocks-pricing-table__inner has-columns has-3-columns has-responsive-columns has-medium-gutter\"><!-- wp:coblocks\/pricing-table-item {\"placeholder\":\"Plan 1\"} \/-->\n\n<!-- wp:coblocks\/pricing-table-item {\"placeholder\":\"Plan 2\"} \/-->\n\n<!-- wp:coblocks\/pricing-table-item {\"placeholder\":\"Plan 3\"} \/--><\/div><\/div>\n<!-- \/wp:coblocks\/pricing-table -->\n\n<!-- wp:heading {\"textAlign\":\"center\",\"className\":\"home-title\"} -->\n<h2 class=\"has-text-align-center home-title\"><span>Frequently Asked Questions<\/span><\/h2>\n<!-- \/wp:heading -->\n\n<!-- wp:columns {\"className\":\"margin-t50 margin-b100\"} -->\n<div class=\"wp-block-columns margin-t50 margin-b100\"><!-- wp:column -->\n<div class=\"wp-block-column\"><!-- wp:heading {\"level\":4} -->\n<h4>Why our lawyers firm?<\/h4>\n<!-- \/wp:heading -->\n\n<!-- wp:paragraph -->\n<p>Vix brute eloquentiam cu, saepe nonumy inermis duo in. Est ex tamquam legimus sapientem, eum vivendo invenire dignissim id, eam ex porro virtute interesset.<\/p>\n<!-- \/wp:paragraph -->\n\n<!-- wp:heading {\"level\":4} -->\n<h4>What kind of cases your work with?<\/h4>\n<!-- \/wp:heading -->\n\n<!-- wp:paragraph -->\n<p>Et vix ubique aperiam. Ad ius odio modo tempor, et saperet percipit indoctum sed. Qui omnis debitis epicuri id, sea ne error oportere, eam no feugait argumentum. Qui viris repudiare.<\/p>\n<!-- \/wp:paragraph -->\n\n<!-- wp:heading {\"level\":4} -->\n<h4>How to contact you?<\/h4>\n<!-- \/wp:heading -->\n\n<!-- wp:paragraph -->\n<p>Clita similique ex vix. Eu zril deterruisset mea. His no malis civibus. No decore labores verterem nam, nam ex dicant laboramus reprehendunt, ut aliquip omittantur sea.<\/p>\n<!-- \/wp:paragraph --><\/div>\n<!-- \/wp:column -->\n\n<!-- wp:column -->\n<div class=\"wp-block-column\"><!-- wp:heading {\"level\":4} -->\n<h4>What happens if my case is lost?<\/h4>\n<!-- \/wp:heading -->\n\n<!-- wp:paragraph -->\n<p>His possit prompta ex, et mea essent minimum appellantur. Nostrud mentitum sea et, ne eirmod similique forensibus eum, elit audiam habemus cum in. Ne vis ancillae detraxit. <\/p>\n<!-- \/wp:paragraph -->\n\n<!-- wp:heading {\"level\":4} -->\n<h4>Is the first consultation free?<\/h4>\n<!-- \/wp:heading -->\n\n<!-- wp:paragraph -->\n<p>At sed utamur assueverit adversarium. Nam te viris tollit legendos, mea vidit sapientem at. Iudicabit dissentias has eu, lorem virtute recteque his ut, cum ubique quaestio ut.<\/p>\n<!-- \/wp:paragraph -->\n\n<!-- wp:heading {\"level\":4} -->\n<h4>How to join your team?<\/h4>\n<!-- \/wp:heading -->\n\n<!-- wp:paragraph -->\n<p>Ex suas tacimates has, eam et rebum principes forensibus. Eu eum legere fastidii, no mel vidit possim expetenda. In ocurreret percipitur constituam his. Ad ius odio modo tempor.<\/p>\n<!-- \/wp:paragraph --><\/div>\n<!-- \/wp:column --><\/div>\n<!-- \/wp:columns -->\n\n<!-- wp:cover {\"url\":\"http:\/\/www.vigieavocatfiscaliste.com\/wp-content\/uploads\/2018\/06\/law-office-contact.jpg\",\"id\":536,\"hasParallax\":true,\"dimRatio\":20,\"customOverlayColor\":\"#dfbf8f\",\"isDark\":false,\"align\":\"full\",\"className\":\"cover-padding\"} -->\n<div class=\"wp-block-cover alignfull is-light has-parallax cover-padding\" style=\"background-image:url(http:\/\/www.vigieavocatfiscaliste.com\/wp-content\/uploads\/2018\/06\/law-office-contact.jpg)\"><span aria-hidden=\"true\" class=\"has-background-dim-20 wp-block-cover__gradient-background has-background-dim\" style=\"background-color:#dfbf8f\"><\/span><div class=\"wp-block-cover__inner-container\"><!-- wp:columns {\"verticalAlignment\":\"center\",\"className\":\"container\"} -->\n<div class=\"wp-block-columns are-vertically-aligned-center container\"><!-- wp:column {\"verticalAlignment\":\"center\"} -->\n<div class=\"wp-block-column is-vertically-aligned-center\"><!-- wp:heading -->\n<h2>Request a Free Case Evaluation<\/h2>\n<!-- \/wp:heading -->\n\n<!-- wp:paragraph -->\n<p>We are here to help. Ask a lawyer for a free consultation.<\/p>\n<!-- \/wp:paragraph --><\/div>\n<!-- \/wp:column -->\n\n<!-- wp:column {\"verticalAlignment\":\"center\"} -->\n<div class=\"wp-block-column is-vertically-aligned-center\"><!-- wp:buttons {\"className\":\"mobile-left\",\"layout\":{\"type\":\"flex\",\"justifyContent\":\"right\",\"orientation\":\"horizontal\"}} -->\n<div class=\"wp-block-buttons mobile-left\"><!-- wp:button {\"className\":\"w-btn\"} -->\n<div class=\"wp-block-button w-btn\"><a class=\"wp-block-button__link\" href=\"#\">Contact Us<\/a><\/div>\n<!-- \/wp:button --><\/div>\n<!-- \/wp:buttons --><\/div>\n<!-- \/wp:column --><\/div>\n<!-- \/wp:columns --><\/div><\/div>\n<!-- \/wp:cover -->","_et_gb_content_width":"","footnotes":""},"class_list":["post-707","page","type-page","status-publish","hentry"],"_links":{"self":[{"href":"https:\/\/www.vigieavocatfiscaliste.com\/index.php?rest_route=\/wp\/v2\/pages\/707","targetHints":{"allow":["GET"]}}],"collection":[{"href":"https:\/\/www.vigieavocatfiscaliste.com\/index.php?rest_route=\/wp\/v2\/pages"}],"about":[{"href":"https:\/\/www.vigieavocatfiscaliste.com\/index.php?rest_route=\/wp\/v2\/types\/page"}],"author":[{"embeddable":true,"href":"https:\/\/www.vigieavocatfiscaliste.com\/index.php?rest_route=\/wp\/v2\/users\/1"}],"replies":[{"embeddable":true,"href":"https:\/\/www.vigieavocatfiscaliste.com\/index.php?rest_route=%2Fwp%2Fv2%2Fcomments&post=707"}],"version-history":[{"count":11,"href":"https:\/\/www.vigieavocatfiscaliste.com\/index.php?rest_route=\/wp\/v2\/pages\/707\/revisions"}],"predecessor-version":[{"id":1189,"href":"https:\/\/www.vigieavocatfiscaliste.com\/index.php?rest_route=\/wp\/v2\/pages\/707\/revisions\/1189"}],"wp:attachment":[{"href":"https:\/\/www.vigieavocatfiscaliste.com\/index.php?rest_route=%2Fwp%2Fv2%2Fmedia&parent=707"}],"curies":[{"name":"wp","href":"https:\/\/api.w.org\/{rel}","templated":true}]}}