{"id":232,"date":"2017-10-02T15:31:21","date_gmt":"2017-10-02T15:31:21","guid":{"rendered":"https:\/\/matchthemes.com\/demowp\/civillaw\/?page_id=232"},"modified":"2022-07-18T16:26:41","modified_gmt":"2022-07-18T14:26:41","slug":"home-2","status":"publish","type":"page","link":"https:\/\/www.vigieavocatfiscaliste.com\/","title":{"rendered":"Accueil"},"content":{"rendered":"<p>[et_pb_section fb_built=\u00a0\u00bb1&Prime; fullwidth=\u00a0\u00bbon\u00a0\u00bb _builder_version=\u00a0\u00bb4.17.4&Prime; _module_preset=\u00a0\u00bbdefault\u00a0\u00bb global_colors_info=\u00a0\u00bb{}\u00a0\u00bb][et_pb_fullwidth_header text_orientation=\u00a0\u00bbcenter\u00a0\u00bb background_overlay_color=\u00a0\u00bbrgba(0,0,0,0.1)\u00a0\u00bb _builder_version=\u00a0\u00bb4.17.4&Prime; _module_preset=\u00a0\u00bbdefault\u00a0\u00bb title_level=\u00a0\u00bbh2&Prime; title_font=\u00a0\u00bbLato|700|||||||\u00a0\u00bb title_text_align=\u00a0\u00bbcenter\u00a0\u00bb title_text_color=\u00a0\u00bb#FFFFFF\u00a0\u00bb title_font_size=\u00a0\u00bb33px\u00a0\u00bb content_font_size=\u00a0\u00bb25px\u00a0\u00bb subhead_text_align=\u00a0\u00bbcenter\u00a0\u00bb background_color=\u00a0\u00bb#000000&Prime; background_image=\u00a0\u00bbhttps:\/\/www.vigieavocatfiscaliste.com\/wp-content\/uploads\/2022\/04\/12.jpg\u00a0\u00bb custom_button_one=\u00a0\u00bbon\u00a0\u00bb button_one_text_color=\u00a0\u00bb#000000&Prime; button_one_bg_color=\u00a0\u00bbrgba(255,255,255,0.43)\u00a0\u00bb button_one_border_width=\u00a0\u00bb1px\u00a0\u00bb button_one_border_color=\u00a0\u00bb#000000&Prime; button_one_icon=\u00a0\u00bb&#xe101;||divi||400&Prime; button_one_icon_placement=\u00a0\u00bbleft\u00a0\u00bb width=\u00a0\u00bb100%\u00a0\u00bb module_alignment=\u00a0\u00bbcenter\u00a0\u00bb min_height=\u00a0\u00bb571px\u00a0\u00bb custom_margin=\u00a0\u00bb0px||||false|false\u00a0\u00bb custom_padding=\u00a0\u00bb200px||||false|false\u00a0\u00bb border_radii=\u00a0\u00bbon|4px|4px|4px|4px\u00a0\u00bb border_color_all=\u00a0\u00bb#000000&Prime; global_colors_info=\u00a0\u00bb{}\u00a0\u00bb]<\/p>\n<p>La comp\u00e9tence &amp; l&rsquo;exp\u00e9rience du droit et de la fiscalit\u00e9 \u00e0 votre service<\/p>\n<p>[\/et_pb_fullwidth_header][\/et_pb_section][et_pb_section fb_built=\u00a0\u00bb1&Prime; _builder_version=\u00a0\u00bb4.17.4&Prime; _module_preset=\u00a0\u00bbdefault\u00a0\u00bb custom_padding=\u00a0\u00bb2px||0px|||\u00a0\u00bb global_colors_info=\u00a0\u00bb{}\u00a0\u00bb][et_pb_row column_structure=\u00a0\u00bb1_2,1_2&Prime; _builder_version=\u00a0\u00bb4.17.4&Prime; _module_preset=\u00a0\u00bbdefault\u00a0\u00bb custom_margin=\u00a0\u00bb1px|auto||auto||\u00a0\u00bb custom_padding=\u00a0\u00bb12px|||||\u00a0\u00bb global_colors_info=\u00a0\u00bb{}\u00a0\u00bb][et_pb_column type=\u00a0\u00bb1_2&Prime; _builder_version=\u00a0\u00bb4.17.4&Prime; _module_preset=\u00a0\u00bbdefault\u00a0\u00bb global_colors_info=\u00a0\u00bb{}\u00a0\u00bb][et_pb_blurb title=\u00a0\u00bbNous \u00e9crire\u00a0\u00bb use_icon=\u00a0\u00bbon\u00a0\u00bb font_icon=\u00a0\u00bb&#xf0e0;||fa||900&Prime; icon_color=\u00a0\u00bb#E09900&Prime; image_icon_width=\u00a0\u00bb26px\u00a0\u00bb _builder_version=\u00a0\u00bb4.17.4&Prime; _module_preset=\u00a0\u00bbdefault\u00a0\u00bb text_orientation=\u00a0\u00bbcenter\u00a0\u00bb custom_padding=\u00a0\u00bb5px|5px|5px|5px|true|true\u00a0\u00bb border_radii=\u00a0\u00bbon|5px|5px|5px|5px\u00a0\u00bb border_width_all=\u00a0\u00bb2px\u00a0\u00bb border_color_all=\u00a0\u00bbrgba(224,153,0,0.34)\u00a0\u00bb border_style_all=\u00a0\u00bbdashed\u00a0\u00bb global_colors_info=\u00a0\u00bb{}\u00a0\u00bb]<\/p>\n<p><a href=\"mailto:muriel.vigie@vigieavocatfiscaliste.com\">muriel.vigie@vigieavocatfiscaliste.com<\/a><\/p>\n<p>[\/et_pb_blurb][\/et_pb_column][et_pb_column type=\u00a0\u00bb1_2&Prime; _builder_version=\u00a0\u00bb4.17.4&Prime; _module_preset=\u00a0\u00bbdefault\u00a0\u00bb global_colors_info=\u00a0\u00bb{}\u00a0\u00bb][et_pb_blurb title=\u00a0\u00bbNous appeler\u00a0\u00bb use_icon=\u00a0\u00bbon\u00a0\u00bb font_icon=\u00a0\u00bb&#xe090;||divi||400&Prime; icon_color=\u00a0\u00bb#E09900&Prime; image_icon_width=\u00a0\u00bb26px\u00a0\u00bb _builder_version=\u00a0\u00bb4.17.4&Prime; _module_preset=\u00a0\u00bbdefault\u00a0\u00bb text_orientation=\u00a0\u00bbcenter\u00a0\u00bb custom_padding=\u00a0\u00bb5px|5px|5px|5px|true|true\u00a0\u00bb border_radii=\u00a0\u00bbon|5px|5px|5px|5px\u00a0\u00bb border_width_all=\u00a0\u00bb2px\u00a0\u00bb border_color_all=\u00a0\u00bbrgba(224,153,0,0.34)\u00a0\u00bb border_style_all=\u00a0\u00bbdashed\u00a0\u00bb global_colors_info=\u00a0\u00bb{}\u00a0\u00bb]<\/p>\n<p>Mobile : 07 89 00 06 65<\/p>\n<p>[\/et_pb_blurb][\/et_pb_column][\/et_pb_row][et_pb_row _builder_version=\u00a0\u00bb4.17.6&Prime; _module_preset=\u00a0\u00bbdefault\u00a0\u00bb][et_pb_column _builder_version=\u00a0\u00bb4.17.6&Prime; _module_preset=\u00a0\u00bbdefault\u00a0\u00bb type=\u00a0\u00bb4_4&Prime;][et_pb_icon _builder_version=\u00a0\u00bb4.17.6&Prime; _module_preset=\u00a0\u00bbdefault\u00a0\u00bb font_icon=\u00a0\u00bb&#xe0cb;||divi||400&Prime; hover_enabled=\u00a0\u00bb0&Prime; sticky_enabled=\u00a0\u00bb0&Prime; icon_color=\u00a0\u00bb#0C71C3&Prime; url=\u00a0\u00bbhttps:\/\/www.linkedin.com\/in\/muriel-vigi%C3%A9-607b43125\/?originalSubdomain=fr\u00a0\u00bb][\/et_pb_icon][\/et_pb_column][\/et_pb_row][\/et_pb_section]<\/p>\n","protected":false},"excerpt":{"rendered":"<p>La comp\u00e9tence &amp; l&rsquo;exp\u00e9rience du droit et de la&#8230;<\/p>\n","protected":false},"author":2,"featured_media":0,"parent":0,"menu_order":0,"comment_status":"closed","ping_status":"closed","template":"my-templates\/template-home-v2.php","meta":{"_et_pb_use_builder":"on","_et_pb_old_content":"<!-- wp:group {\"align\":\"full\",\"style\":{\"color\":{\"background\":\"#252525\"}},\"className\":\"home2-section1 margin-b100\"} -->\n<div class=\"wp-block-group alignfull home2-section1 margin-b100 has-background\" style=\"background-color:#252525\"><!-- wp:columns {\"className\":\"container\"} -->\n<div class=\"wp-block-columns container\"><!-- wp:column -->\n<div class=\"wp-block-column\"><!-- wp:image {\"width\":50,\"height\":50,\"sizeSlug\":\"large\",\"linkDestination\":\"none\",\"className\":\"icon-img\"} -->\n<figure class=\"wp-block-image size-large is-resized icon-img\"><img src=\"http:\/\/www.vigieavocatfiscaliste.com\/wp-content\/uploads\/2017\/10\/courthouse.png\" alt=\"\" width=\"50\" height=\"50\"\/><\/figure>\n<!-- \/wp:image -->\n\n<!-- wp:heading {\"level\":5,\"textColor\":\"white\",\"className\":\"home2-section1-title\"} -->\n<h5 class=\"home2-section1-title has-white-color has-text-color\">Professional Advice<\/h5>\n<!-- \/wp:heading -->\n\n<!-- wp:paragraph {\"textColor\":\"white\"} -->\n<p class=\"has-white-color has-text-color\">Donec lacinia magna sit amet arcu aliquet luctus maecenas vehicula quis nostrum.<\/p>\n<!-- \/wp:paragraph --><\/div>\n<!-- \/wp:column -->\n\n<!-- wp:column -->\n<div class=\"wp-block-column\"><!-- wp:image {\"width\":50,\"height\":50,\"sizeSlug\":\"large\",\"linkDestination\":\"none\",\"className\":\"icon-img\"} -->\n<figure class=\"wp-block-image size-large is-resized icon-img\"><img src=\"http:\/\/www.vigieavocatfiscaliste.com\/wp-content\/uploads\/2017\/10\/fingerprint.png\" alt=\"\" width=\"50\" height=\"50\"\/><\/figure>\n<!-- \/wp:image -->\n\n<!-- wp:heading {\"level\":5,\"textColor\":\"white\",\"className\":\"home2-section1-title\"} -->\n<h5 class=\"home2-section1-title has-white-color has-text-color\">Solving Complex Cases<\/h5>\n<!-- \/wp:heading -->\n\n<!-- wp:paragraph {\"textColor\":\"white\"} -->\n<p class=\"has-white-color has-text-color\">Donec lacinia magna sit amet arcu aliquet luctus maecenas vehicula quis nostrum.<\/p>\n<!-- \/wp:paragraph --><\/div>\n<!-- \/wp:column -->\n\n<!-- wp:column -->\n<div class=\"wp-block-column\"><!-- wp:image {\"width\":50,\"height\":50,\"sizeSlug\":\"large\",\"linkDestination\":\"none\",\"className\":\"icon-img\"} -->\n<figure class=\"wp-block-image size-large is-resized icon-img\"><img src=\"http:\/\/www.vigieavocatfiscaliste.com\/wp-content\/uploads\/2017\/10\/books.png\" alt=\"\" width=\"50\" height=\"50\"\/><\/figure>\n<!-- \/wp:image -->\n\n<!-- wp:heading {\"level\":5,\"textColor\":\"white\",\"className\":\"home2-section1-title\"} -->\n<h5 class=\"home2-section1-title has-white-color has-text-color\">15 Years Experience<\/h5>\n<!-- \/wp:heading -->\n\n<!-- wp:paragraph {\"textColor\":\"white\"} -->\n<p class=\"has-white-color has-text-color\">Donec lacinia magna sit amet arcu aliquet luctus maecenas vehicula quis nostrum.<\/p>\n<!-- \/wp:paragraph --><\/div>\n<!-- \/wp:column --><\/div>\n<!-- \/wp:columns --><\/div>\n<!-- \/wp:group -->\n\n<!-- wp:columns {\"className\":\"margin-b100\"} -->\n<div class=\"wp-block-columns margin-b100\"><!-- wp:column -->\n<div class=\"wp-block-column\"><!-- wp:image {\"sizeSlug\":\"large\",\"linkDestination\":\"none\"} -->\n<figure class=\"wp-block-image size-large\"><img src=\"http:\/\/www.vigieavocatfiscaliste.com\/wp-content\/uploads\/2017\/09\/about-us.jpg\" alt=\"\"\/><\/figure>\n<!-- \/wp:image --><\/div>\n<!-- \/wp:column -->\n\n<!-- wp:column -->\n<div class=\"wp-block-column\"><!-- wp:heading {\"textAlign\":\"center\",\"level\":5,\"className\":\"small-intro\"} -->\n<h5 class=\"has-text-align-center small-intro\">Welcome to Liberis<\/h5>\n<!-- \/wp:heading -->\n\n<!-- wp:heading {\"textAlign\":\"center\"} -->\n<h2 class=\"has-text-align-center\">Experience. Team. Results<\/h2>\n<!-- \/wp:heading -->\n\n<!-- wp:paragraph -->\n<p>Liberis is a legal firm committed to protecting individuals and small businesses. We are committed to developing honest and compassionate relationships with our clients founded on mutual respect and communication.<\/p>\n<!-- \/wp:paragraph -->\n\n<!-- wp:buttons {\"layout\":{\"type\":\"flex\",\"justifyContent\":\"center\",\"orientation\":\"horizontal\"}} -->\n<div class=\"wp-block-buttons\"><!-- wp:button {\"className\":\"margin-t35\"} -->\n<div class=\"wp-block-button margin-t35\"><a class=\"wp-block-button__link\" href=\"#\">Find More<\/a><\/div>\n<!-- \/wp:button --><\/div>\n<!-- \/wp:buttons --><\/div>\n<!-- \/wp:column --><\/div>\n<!-- \/wp:columns -->\n\n<!-- wp:heading {\"textAlign\":\"center\",\"className\":\"home-title\"} -->\n<h2 class=\"has-text-align-center home-title\"><span>Practice Areas<\/span><\/h2>\n<!-- \/wp:heading -->\n\n<!-- wp:shortcode -->\n[practice_icon_v1 count=\"6\" cols=\"3\"]\n<!-- \/wp:shortcode -->\n\n<!-- wp:buttons {\"className\":\"margin-b100\",\"layout\":{\"type\":\"flex\",\"justifyContent\":\"center\",\"orientation\":\"horizontal\"}} -->\n<div class=\"wp-block-buttons margin-b100\"><!-- wp:button {\"className\":\"margin-t35\"} -->\n<div class=\"wp-block-button margin-t35\"><a class=\"wp-block-button__link\" href=\"#\">View More<\/a><\/div>\n<!-- \/wp:button --><\/div>\n<!-- \/wp:buttons -->\n\n<!-- wp:columns {\"className\":\"margin-b100\"} -->\n<div class=\"wp-block-columns margin-b100\"><!-- wp:column -->\n<div class=\"wp-block-column\"><!-- wp:heading {\"className\":\"home-title\"} -->\n<h2 class=\"home-title\"><span>Meet Anna Right<\/span><\/h2>\n<!-- \/wp:heading -->\n\n<!-- wp:heading {\"level\":5} -->\n<h5><em>\u201cDo what is right not what is easy!\u201d<\/em><\/h5>\n<!-- \/wp:heading -->\n\n<!-- wp:paragraph -->\n<p>Nemo enim ipsam voluptatem quia voluptas sit aspernatur aut odit aut fugit, sed quia consequuntur magni dolores eos qui ratione voluptatem sequi nesciunt. Neque porro quisquam est, qui dolorem ipsum quia dolor sit. Et harum quidem rerum facilis est et expedita distinctio nam libero.<\/p>\n<!-- \/wp:paragraph -->\n\n<!-- wp:paragraph -->\n<p>Quis autem vel eum iure reprehenderit qui in ea voluptate velit esse quam nihil molestiae consequatur, vel illum qui dolorem eum fugiat. Cum soluta nobis est eligendi optio cumque nihil impedit quo minus id quod maxime placeat facere.<\/p>\n<!-- \/wp:paragraph -->\n\n<!-- wp:buttons -->\n<div class=\"wp-block-buttons\"><!-- wp:button -->\n<div class=\"wp-block-button\"><a class=\"wp-block-button__link\" href=\"#\">View More<\/a><\/div>\n<!-- \/wp:button --><\/div>\n<!-- \/wp:buttons --><\/div>\n<!-- \/wp:column -->\n\n<!-- wp:column -->\n<div class=\"wp-block-column\"><!-- wp:image {\"align\":\"center\",\"sizeSlug\":\"large\",\"linkDestination\":\"none\"} -->\n<div class=\"wp-block-image\"><figure class=\"aligncenter size-large\"><img src=\"http:\/\/www.vigieavocatfiscaliste.com\/wp-content\/uploads\/2017\/10\/lawyer-5.jpg\" alt=\"\"\/><\/figure><\/div>\n<!-- \/wp:image --><\/div>\n<!-- \/wp:column --><\/div>\n<!-- \/wp:columns -->\n\n<!-- wp:cover {\"url\":\"http:\/\/www.vigieavocatfiscaliste.com\/wp-content\/uploads\/2018\/06\/law-office-fullscreen.jpg\",\"id\":537,\"hasParallax\":true,\"dimRatio\":10,\"isDark\":false,\"align\":\"full\",\"className\":\"margin-b100\"} -->\n<div class=\"wp-block-cover alignfull is-light has-parallax margin-b100\" style=\"background-image:url(http:\/\/www.vigieavocatfiscaliste.com\/wp-content\/uploads\/2018\/06\/law-office-fullscreen.jpg)\"><span aria-hidden=\"true\" class=\"has-background-dim-10 wp-block-cover__gradient-background has-background-dim\"><\/span><div class=\"wp-block-cover__inner-container\"><!-- wp:columns {\"className\":\"container\"} -->\n<div class=\"wp-block-columns container\"><!-- wp:column {\"className\":\"padding150\"} -->\n<div class=\"wp-block-column padding150\"><!-- wp:heading {\"textAlign\":\"center\"} -->\n<h2 class=\"has-text-align-center\">15 Years Solving Complex Cases<\/h2>\n<!-- \/wp:heading -->\n\n<!-- wp:paragraph {\"align\":\"center\"} -->\n<p class=\"has-text-align-center\">Sed quia non numquam eius modi tempora incidunt ut labore et dolore magnam aliquam quaerat voluptatem. Ut enim ad minima veniam, quis nostrum exercitationem ullam corporis suscipit laboriosam, nisi ut aliquid.<\/p>\n<!-- \/wp:paragraph -->\n\n<!-- wp:buttons {\"layout\":{\"type\":\"flex\",\"justifyContent\":\"center\",\"orientation\":\"horizontal\"}} -->\n<div class=\"wp-block-buttons\"><!-- wp:button {\"className\":\"w-btn\"} -->\n<div class=\"wp-block-button w-btn\"><a class=\"wp-block-button__link\" href=\"#\">View More<\/a><\/div>\n<!-- \/wp:button --><\/div>\n<!-- \/wp:buttons --><\/div>\n<!-- \/wp:column --><\/div>\n<!-- \/wp:columns --><\/div><\/div>\n<!-- \/wp:cover -->\n\n<!-- wp:heading {\"textAlign\":\"center\",\"className\":\"home-title\"} -->\n<h2 class=\"has-text-align-center home-title\"><span>Testimonials<\/span><\/h2>\n<!-- \/wp:heading -->\n\n<!-- wp:shortcode -->\n<div class=\"container margin-b100\">[testimonials_2cols]<\/div>\n<!-- \/wp:shortcode -->\n\n<!-- wp:cover {\"customOverlayColor\":\"#dfbf8f\",\"isDark\":false,\"align\":\"full\",\"className\":\"cover-padding\"} -->\n<div class=\"wp-block-cover alignfull is-light cover-padding\"><span aria-hidden=\"true\" class=\"has-background-dim-100 wp-block-cover__gradient-background has-background-dim\" style=\"background-color:#dfbf8f\"><\/span><div class=\"wp-block-cover__inner-container\"><!-- wp:columns {\"verticalAlignment\":\"center\",\"className\":\"container\"} -->\n<div class=\"wp-block-columns are-vertically-aligned-center container\"><!-- wp:column {\"verticalAlignment\":\"center\"} -->\n<div class=\"wp-block-column is-vertically-aligned-center\"><!-- wp:heading -->\n<h2>Request a Free Case Evaluation<\/h2>\n<!-- \/wp:heading -->\n\n<!-- wp:paragraph -->\n<p>We are here to help. Ask a lawyer for a free consultation.<\/p>\n<!-- \/wp:paragraph --><\/div>\n<!-- \/wp:column -->\n\n<!-- wp:column {\"verticalAlignment\":\"center\"} -->\n<div class=\"wp-block-column is-vertically-aligned-center\"><!-- wp:buttons {\"className\":\"mobile-left\",\"layout\":{\"type\":\"flex\",\"justifyContent\":\"right\",\"orientation\":\"horizontal\"}} -->\n<div class=\"wp-block-buttons mobile-left\"><!-- wp:button {\"className\":\"w-btn\"} -->\n<div class=\"wp-block-button w-btn\"><a class=\"wp-block-button__link\" href=\"#\">Contact Us<\/a><\/div>\n<!-- \/wp:button --><\/div>\n<!-- \/wp:buttons --><\/div>\n<!-- \/wp:column --><\/div>\n<!-- \/wp:columns --><\/div><\/div>\n<!-- \/wp:cover -->","_et_gb_content_width":"","footnotes":""},"class_list":["post-232","page","type-page","status-publish","hentry"],"_links":{"self":[{"href":"https:\/\/www.vigieavocatfiscaliste.com\/index.php?rest_route=\/wp\/v2\/pages\/232","targetHints":{"allow":["GET"]}}],"collection":[{"href":"https:\/\/www.vigieavocatfiscaliste.com\/index.php?rest_route=\/wp\/v2\/pages"}],"about":[{"href":"https:\/\/www.vigieavocatfiscaliste.com\/index.php?rest_route=\/wp\/v2\/types\/page"}],"author":[{"embeddable":true,"href":"https:\/\/www.vigieavocatfiscaliste.com\/index.php?rest_route=\/wp\/v2\/users\/2"}],"replies":[{"embeddable":true,"href":"https:\/\/www.vigieavocatfiscaliste.com\/index.php?rest_route=%2Fwp%2Fv2%2Fcomments&post=232"}],"version-history":[{"count":25,"href":"https:\/\/www.vigieavocatfiscaliste.com\/index.php?rest_route=\/wp\/v2\/pages\/232\/revisions"}],"predecessor-version":[{"id":1231,"href":"https:\/\/www.vigieavocatfiscaliste.com\/index.php?rest_route=\/wp\/v2\/pages\/232\/revisions\/1231"}],"wp:attachment":[{"href":"https:\/\/www.vigieavocatfiscaliste.com\/index.php?rest_route=%2Fwp%2Fv2%2Fmedia&parent=232"}],"curies":[{"name":"wp","href":"https:\/\/api.w.org\/{rel}","templated":true}]}}